{"id":41,"date":"2018-08-09T20:47:21","date_gmt":"2018-08-09T20:47:21","guid":{"rendered":"http:\/\/another-part-of-art.de\/?page_id=41"},"modified":"2025-12-17T19:29:17","modified_gmt":"2025-12-17T19:29:17","slug":"about-me","status":"publish","type":"page","link":"https:\/\/another-part-of-art.de\/","title":{"rendered":"about me"},"content":{"rendered":"\n<p>Hallo und herzlich Willkommen bei <strong>another part of art<\/strong> !<\/p>\n\n\n\n<p>Die Welt ist voller Geschichten &#8211; wahrer, erfundener, skurriler, trauriger, getr\u00e4umter, absurder, lustiger, spannender&#8230;endloser Geschichten. Ich suche sie und manchmal finden sie mich. Und dann erz\u00e4hle ich sie: auf der B\u00fchne, im Fernsehen, in H\u00f6rb\u00fcchern, mit Farbe und Pinsel oder in Millimetern&#8230; ;))<\/p>\n\n\n\n<p>Schauen Sie sich gerne um und wenn Sie sich f\u00fcr ein Werk interessieren, k\u00f6nnen Sie mich jederzeit unverbindlich per Mail oder mobil kontaktieren. Selbstverst\u00e4ndlich sind alle Bilder zertifizierte Originale und mit Signatur und Datum versehen.&nbsp; <\/p>\n\n\n\n<p>Au\u00dferdem fertige ich auch Auftragsarbeiten in frei w\u00e4hlbaren Formaten und Farben an. Diese sind besonders als au\u00dfergew\u00f6hnliches und exklusives Geschenk beliebt.<\/p>\n\n\n\n<p>Wer sich \u00fcber mich als Schauspielerin informieren m\u00f6chte, klickt bitte hier: <a href=\"http:\/\/www.ullawagener.de\">www.ullawagener.de<\/a><\/p>\n\n\n\n<p>Viel Spa\u00df, Danke f\u00fcr den Besuch und liebe Gr\u00fc\u00dfe,<\/p>\n\n\n\n<p>Ulla Wagener<\/p>\n\n\n\n<p>&nbsp;<\/p>\n\n\n\n<p>&nbsp;<\/p>\n","protected":false},"excerpt":{"rendered":"<p>Hallo und herzlich Willkommen bei another part of art ! Die Welt ist voller Geschichten &#8211; wahrer, erfundener, skurriler, trauriger, getr\u00e4umter, absurder, lustiger, spannender&#8230;endloser Geschichten. Ich suche sie und manchmal finden sie mich. Und dann erz\u00e4hle ich sie: auf der B\u00fchne, im Fernsehen, in H\u00f6rb\u00fcchern, mit Farbe und Pinsel oder in Millimetern&#8230; ;)) Schauen Sie &hellip; <\/p>\n<p class=\"link-more\"><a href=\"https:\/\/another-part-of-art.de\/\" class=\"more-link\"><span class=\"screen-reader-text\">\u201eabout me\u201c<\/span> weiterlesen<\/a><\/p>\n","protected":false},"author":1,"featured_media":0,"parent":0,"menu_order":0,"comment_status":"closed","ping_status":"closed","template":"","meta":[],"_links":{"self":[{"href":"https:\/\/another-part-of-art.de\/index.php?rest_route=\/wp\/v2\/pages\/41"}],"collection":[{"href":"https:\/\/another-part-of-art.de\/index.php?rest_route=\/wp\/v2\/pages"}],"about":[{"href":"https:\/\/another-part-of-art.de\/index.php?rest_route=\/wp\/v2\/types\/page"}],"author":[{"embeddable":true,"href":"https:\/\/another-part-of-art.de\/index.php?rest_route=\/wp\/v2\/users\/1"}],"replies":[{"embeddable":true,"href":"https:\/\/another-part-of-art.de\/index.php?rest_route=%2Fwp%2Fv2%2Fcomments&post=41"}],"version-history":[{"count":22,"href":"https:\/\/another-part-of-art.de\/index.php?rest_route=\/wp\/v2\/pages\/41\/revisions"}],"predecessor-version":[{"id":519,"href":"https:\/\/another-part-of-art.de\/index.php?rest_route=\/wp\/v2\/pages\/41\/revisions\/519"}],"wp:attachment":[{"href":"https:\/\/another-part-of-art.de\/index.php?rest_route=%2Fwp%2Fv2%2Fmedia&parent=41"}],"curies":[{"name":"wp","href":"https:\/\/api.w.org\/{rel}","templated":true}]}}